{"id":6061,"date":"2022-06-17T10:29:13","date_gmt":"2022-06-17T08:29:13","guid":{"rendered":"https:\/\/plastic.boell.org\/?page_id=6061"},"modified":"2022-06-17T10:29:14","modified_gmt":"2022-06-17T08:29:14","slug":"impressum","status":"publish","type":"page","link":"https:\/\/plastic.boell.org\/de\/impressum\/","title":{"rendered":"Impressum"},"content":{"rendered":"\n<h2 class=\"wp-block-heading\">Impressum<\/h2>\n\n\n\n<p><strong>Impressum f\u00fcr alle Webseiten der Heinrich-B\u00f6ll-Stiftung<\/strong><br>(wenn auf&nbsp;der jeweiligen Seite nicht&nbsp;anders angegeben)<\/p>\n\n\n\n<p><strong>Angaben gem\u00e4\u00df \u00a7 5 TMG, \u00a7 55 RStV<\/strong><\/p>\n\n\n\n<p><strong>Anbieter<\/strong><br>Heinrich-B\u00f6ll-Stiftung e.V.<br>Schumannstra\u00dfe 8<br>10117 Berlin<br>T +49 (30) 285 34-0<br>F +49 (30) 285 34-109<br><a href=\"mailto:info@boell.de\">info@boell.de<\/a><br><a href=\"http:\/\/www.boell.de\/\">http:\/\/www.boell.de\/<\/a><\/p>\n\n\n\n<p>Die Heinrich-B\u00f6ll-Stiftung e.V. ist die parteinahe Stiftung der Gr\u00fcnen mit Sitz in Berlin.<\/p>\n\n\n\n<p>Die Heinrich-B\u00f6ll-Stiftung e.V. wird durch Vorstand und Gesch\u00e4ftsf\u00fchrung vertreten:<\/p>\n\n\n\n<ul class=\"wp-block-list\"><li>Dr. Imme Scholz (<a href=\"https:\/\/www.boell.de\/de\/person\/dr-imme-scholz\">Vorstand<\/a>)<\/li><li>Jan Philipp Albrecht (<a href=\"https:\/\/www.boell.de\/de\/person\/jan-philipp-albrecht\">Vorstand<\/a>)<\/li><li>Steffen Heizmann (<a href=\"https:\/\/www.boell.de\/de\/person\/steffen-heizmann\">Gesch\u00e4ftsf\u00fchrung<\/a>)<\/li><\/ul>\n\n\n\n<p>Die Heinrich-B\u00f6ll-Stiftung e.V. ist eingetragen im Vereinsregister beim Amtsgericht Charlottenburg, Registernummer VR 17462 B und anerkannt beim Finanzamt f\u00fcr K\u00f6rperschaften als gemeinn\u00fctzige K\u00f6rperschaft zur F\u00f6rderung kultureller Zwecke, der Bildung und der Entwicklungshilfe (Steuernummer 27\/667\/53019).<\/p>\n\n\n\n<p>Die Umsatzsteuer-Identifikationsnummer lautet USt-IdNr. DE812656172.<\/p>\n\n\n\n<p><strong>Verantwortlich&nbsp;<\/strong>gem\u00e4\u00df \u00a7 18 Abs. 2 MStV, \u00a7 5 TMG<\/p>\n\n\n\n<p>Deutschland<\/p>\n\n\n\n<p>Annette Maennel, Leitung Kommunikation<br>Tel: +49 30&nbsp;28534 &#8211; 201<br><a href=\"mailto:maennel@boell.de\">maennel@boell.de<\/a><\/p>\n\n\n\n<p><em>Afrika<\/em><\/p>\n\n\n\n<p>B\u00fcro Dakar: Usha Ziegelmayer<br>B\u00fcro Kapstadt: Katrin Seidel<br>B\u00fcro Nairobi: Joachim Paul<br>B\u00fcro Abuja: Jochen Luckscheiter<\/p>\n\n\n\n<p><em>Nahost und Nordafrika<\/em><\/p>\n\n\n\n<p>B\u00fcro Tel Aviv: Dr. Steffen Hagemann<br>B\u00fcro Ramallah: Dorthe Siegmund<br>B\u00fcro Tunis: Dr. Heike L\u00f6schmann<br>B\u00fcro Rabat: Bauke Baumann<br>B\u00fcro Beirut: Anna Fleischer&nbsp;<\/p>\n\n\n\n<p><em>Asien<\/em><\/p>\n\n\n\n<p>B\u00fcro Yangon: Florian Reinold<br>B\u00fcro Bangkok: Lea G\u00f6lnitz<br>B\u00fcro Neu Delhi: Marion Regina Mueller<br>B\u00fcro Phnom Penh: Ana Paula Assubuji<br>B\u00fcro Peking: Oliver Lutz Radtke<br>B\u00fcro Hongkong: Axel Harneit-Sievers<\/p>\n\n\n\n<p><em>Ost- und S\u00fcdosteuropa<\/em><\/p>\n\n\n\n<p>B\u00fcro Belgrad: Nino Lejava<br>B\u00fcro Moskau:&nbsp;Dr. Stefanie Harter<br>B\u00fcro Kiew: Johannes Voswinkel<br>B\u00fcro Tbilisi: Dr. Sonja Schiffers<br>B\u00fcro Sarajevo: Judith Brand<br>B\u00fcro Tirana: G\u00f6rkhan Tuncer&nbsp;<\/p>\n\n\n\n<p><em>Lateinamerika<\/em><\/p>\n\n\n\n<p>B\u00fcro San Salvador: Dr. Ingrid Wehr<br>B\u00fcro Mexiko-Stadt: Dr. Dawid Bartelt<br>B\u00fcro Bogot\u00e1: Florian Huber<br>B\u00fcro Rio de Janeiro: Annette von Sch\u00f6nfeld<br>B\u00fcro Santiago de Chile: Gitte Cullmann<\/p>\n\n\n\n<p><em>EU\/Nordamerika<\/em><\/p>\n\n\n\n<p>B\u00fcro Br\u00fcssel: Eva van de Rakt<br>B\u00fcro Istanbul: Kristian Brakel<br>B\u00fcro Paris: n.N.<br>B\u00fcro Prag:&nbsp;Ad\u00e9la Jure\u010dkov\u00e1<br>B\u00fcro Thessaloniki: Michalis Goudis<br>B\u00fcro Warschau: Joanna Maria Stolarek<br>B\u00fcro Washington: Bastian Hermisson<\/p>\n\n\n\n<p>Alle erreichbar \u00fcber die oben genannte Anschrift des Anbieters.<\/p>\n\n\n\n<p><strong>Haftungshinweis:<\/strong><br>Diese Website wird mit gr\u00f6\u00dftm\u00f6glicher Sorgfalt erstellt. Dennoch k\u00f6nnen wir keine Gew\u00e4hr f\u00fcr die Richtigkeit, Vollst\u00e4ndigkeit und Aktualit\u00e4t der Inhalte geben. Namentlich gekennzeichnete Beitr\u00e4ge geben nicht immer die Meinung der Heinrich-B\u00f6ll-Stiftung e.V. wieder.<\/p>\n\n\n\n<p>Unsere Internetseiten enthalten Links auf externe Webseiten. Diese Links haben einen reinen Informationszweck. F\u00fcr den Inhalt der verlinkten Seiten sind deren Betreiber verantwortlich. Eine st\u00e4ndige Kontrolle der externen Links ohne konkrete Anhaltspunkte f\u00fcr eine Rechtsverletzung ist uns leider nicht m\u00f6glich.<\/p>\n\n\n\n<p>Sollte uns eine Rechtsverletzung bekannt werden, werden wir den entsprechenden Link oder die betreffenden Inhalte unverz\u00fcglich von unserer Website entfernen.<br>Bitte wenden Sie sich hierf\u00fcr an: Annette Maennel (<a href=\"mailto:maennel@boell.de\">maennel@boell.de<\/a>)<\/p>\n\n\n\n<p><strong>Urheberrecht:<\/strong><br>Die Inhalte und Werke auf dieser Website sind urheberrechtlich gesch\u00fctzt. Wir verfolgen die Strategie, wo m\u00f6glich und sinnvoll unter einer&nbsp;<a href=\"https:\/\/de.creativecommons.org\/index.php\/was-ist-cc\/\">Creative Commons Lizenz<\/a>&nbsp;zu ver\u00f6ffentlichen.<\/p>\n\n\n\n<p>CC-Lizenzen erleichtern Weiterverwendung des Materials ohne weitere R\u00fccksprache mit uns. Wir freuen uns aber dennoch \u00fcber einen kurzen Hinweis bei Zweitver\u00f6ffentlichungen an:&nbsp;<a href=\"mailto:info@boell.de\">info@boell.de<\/a><\/p>\n\n\n\n<p>Bitte treten Sie auch mit uns in Kontakt, sofern eine beabsichtigte Verwendung nicht durch die jeweilige Lizenz gedeckt ist. Vielleicht finden wir gemeinsam eine L\u00f6sung.<\/p>\n\n\n\n<p>Sofern im Zusammenhang mit dem auf der Website dargestellten oder zum Download angebotenen Dokument keine weiteren Regelungen getroffen werden, ist die vorherige Zustimmung der Heinrich-B\u00f6ll-Stiftung e.V. oder des jeweiligen Rechteinhabers einzuholen.<\/p>\n\n\n\n<p><strong>Konzeption und Umsetzung:<\/strong><br><a href=\"http:\/\/palasthotel.de\/\">Palasthotel<\/a>, Berlin\/Bielefeld<\/p>\n","protected":false},"excerpt":{"rendered":"<p>Impressum Impressum f\u00fcr alle Webseiten der Heinrich-B\u00f6ll-Stiftung(wenn auf&nbsp;der jeweiligen Seite nicht&nbsp;anders angegeben) Angaben gem\u00e4\u00df \u00a7 5 TMG, \u00a7 55 RStV AnbieterHeinrich-B\u00f6ll-Stiftung e.V.Schumannstra\u00dfe 810117 BerlinT +49 (30) 285 34-0F +49 (30) 285 34-109info@boell.dehttp:\/\/www.boell.de\/ Die Heinrich-B\u00f6ll-Stiftung e.V. ist die parteinahe Stiftung der Gr\u00fcnen mit Sitz in Berlin. Die Heinrich-B\u00f6ll-Stiftung e.V. wird durch Vorstand und Gesch\u00e4ftsf\u00fchrung vertreten: Dr. [&hellip;]<\/p>\n","protected":false},"author":222,"featured_media":0,"parent":0,"menu_order":0,"comment_status":"closed","ping_status":"closed","template":"","meta":{"footnotes":""},"class_list":["post-6061","page","type-page","status-publish","hentry"],"_links":{"self":[{"href":"https:\/\/plastic.boell.org\/de\/wp-json\/wp\/v2\/pages\/6061","targetHints":{"allow":["GET"]}}],"collection":[{"href":"https:\/\/plastic.boell.org\/de\/wp-json\/wp\/v2\/pages"}],"about":[{"href":"https:\/\/plastic.boell.org\/de\/wp-json\/wp\/v2\/types\/page"}],"author":[{"embeddable":true,"href":"https:\/\/plastic.boell.org\/de\/wp-json\/wp\/v2\/users\/222"}],"replies":[{"embeddable":true,"href":"https:\/\/plastic.boell.org\/de\/wp-json\/wp\/v2\/comments?post=6061"}],"version-history":[{"count":1,"href":"https:\/\/plastic.boell.org\/de\/wp-json\/wp\/v2\/pages\/6061\/revisions"}],"predecessor-version":[{"id":6063,"href":"https:\/\/plastic.boell.org\/de\/wp-json\/wp\/v2\/pages\/6061\/revisions\/6063"}],"wp:attachment":[{"href":"https:\/\/plastic.boell.org\/de\/wp-json\/wp\/v2\/media?parent=6061"}],"curies":[{"name":"wp","href":"https:\/\/api.w.org\/{rel}","templated":true}]}}