{"id":3389,"date":"2021-08-12T18:29:39","date_gmt":"2021-08-12T16:29:39","guid":{"rendered":"https:\/\/plastic.boell.org\/?page_id=3389"},"modified":"2021-08-12T18:29:39","modified_gmt":"2021-08-12T16:29:39","slug":"datenschutz-und-lizenz","status":"publish","type":"page","link":"https:\/\/plastic.boell.org\/de\/datenschutz-und-lizenz\/","title":{"rendered":"Datenschutz und Lizenz"},"content":{"rendered":"\n<h2 class=\"has-text-align-center wp-block-heading\">Datenschutz &amp; Lizenz<\/h2>\n\n\n\n<p><strong>Informationen zum Datenschutz<\/strong><br><a href=\"https:\/\/www.boell.de\/de\/datenschutzerklaerung\" target=\"_blank\" rel=\"noreferrer noopener\">Hier erf\u00e4hrst du mehr.<\/a><\/p>\n\n\n\n<p><strong>Lizenz f\u00fcr Text und Grafiken<\/strong><br>Diese Publikation wird unter den Bedingungen einer Creative-Commons-Lizenz ver\u00f6ffentlicht. <a href=\"http:\/\/ creativecommons.org\/licenses\/by-nc-nd\/4.0\/de\" target=\"_blank\" rel=\"noreferrer noopener\">Hier findest du die Lizenz<\/a>.<\/p>\n\n\n\n<p>Eine elektronische Fassung kann <a href=\"https:\/\/www.boell.de\/de\/2021\/04\/07\/pack-aus?dimension1=ds_packaus\" target=\"_blank\" rel=\"noreferrer noopener\">heruntergeladen<\/a> werden. Sie d\u00fcrfen das Werk vervielf\u00e4ltigen, verbreiten und \u00f6ffentlich zug\u00e4nglich machen. <\/p>\n\n\n\n<p>Es gelten folgende Bedingungen: <\/p>\n\n\n\n<ul class=\"wp-block-list\"><li>Namensnennung: Sie m\u00fcssen den Namen der Autorin\/Rechteinhaberin in der von ihr festgelegten Weise nennen (wodurch aber nicht der Eindruck entstehen darf, Sie oder die Nutzung des Werkes durch Sie w\u00fcrden entlohnt).<\/li><li>Keine kommerzielle Nutzung: Dieses Werk darf nicht f\u00fcr kommerzielle Zwecke verwendet werden.<\/li><li>Keine Bearbeitung: Dieses Werk darf nicht bearbeitet oder in anderer Weise ver\u00e4ndert werden.<\/li><\/ul>\n\n\n\n<p><br><\/p>\n","protected":false},"excerpt":{"rendered":"<p>Datenschutz &amp; Lizenz Informationen zum DatenschutzHier erf\u00e4hrst du mehr. Lizenz f\u00fcr Text und GrafikenDiese Publikation wird unter den Bedingungen einer Creative-Commons-Lizenz ver\u00f6ffentlicht. Hier findest du die Lizenz. Eine elektronische Fassung kann heruntergeladen werden. Sie d\u00fcrfen das Werk vervielf\u00e4ltigen, verbreiten und \u00f6ffentlich zug\u00e4nglich machen. Es gelten folgende Bedingungen: Namensnennung: Sie m\u00fcssen den Namen der Autorin\/Rechteinhaberin in [&hellip;]<\/p>\n","protected":false},"author":263,"featured_media":0,"parent":0,"menu_order":0,"comment_status":"closed","ping_status":"closed","template":"","meta":{"footnotes":""},"class_list":["post-3389","page","type-page","status-publish","hentry"],"_links":{"self":[{"href":"https:\/\/plastic.boell.org\/de\/wp-json\/wp\/v2\/pages\/3389","targetHints":{"allow":["GET"]}}],"collection":[{"href":"https:\/\/plastic.boell.org\/de\/wp-json\/wp\/v2\/pages"}],"about":[{"href":"https:\/\/plastic.boell.org\/de\/wp-json\/wp\/v2\/types\/page"}],"author":[{"embeddable":true,"href":"https:\/\/plastic.boell.org\/de\/wp-json\/wp\/v2\/users\/263"}],"replies":[{"embeddable":true,"href":"https:\/\/plastic.boell.org\/de\/wp-json\/wp\/v2\/comments?post=3389"}],"version-history":[{"count":2,"href":"https:\/\/plastic.boell.org\/de\/wp-json\/wp\/v2\/pages\/3389\/revisions"}],"predecessor-version":[{"id":3393,"href":"https:\/\/plastic.boell.org\/de\/wp-json\/wp\/v2\/pages\/3389\/revisions\/3393"}],"wp:attachment":[{"href":"https:\/\/plastic.boell.org\/de\/wp-json\/wp\/v2\/media?parent=3389"}],"curies":[{"name":"wp","href":"https:\/\/api.w.org\/{rel}","templated":true}]}}