{"id":3343,"date":"2021-08-06T10:40:31","date_gmt":"2021-08-06T08:40:31","guid":{"rendered":"https:\/\/plastic.boell.org\/?page_id=3343"},"modified":"2021-08-12T18:29:39","modified_gmt":"2021-08-12T16:29:39","slug":"ueber-dieses-projekt","status":"publish","type":"page","link":"https:\/\/plastic.boell.org\/de\/ueber-dieses-projekt\/","title":{"rendered":"\u00dcber dieses Projekt"},"content":{"rendered":"\n<h2 class=\"has-text-align-center wp-block-heading\">\u00dcber dieses Projekt<\/h2>\n\n\n\n<p>Die Plastikkrise betrifft uns alle, aber sie betrifft uns nicht alle gleich &#8211; gerade um diese Fragen von Gerechtigkeit und Vielfalt geht es auch in unserem Buch.<\/p>\n\n\n\n<p>Wir haben nach einer Sprache gesucht, die die Vielfalt der Geschlechter beinhaltet. Wir wollen damit alle einschlie\u00dfen und auch die ansprechen, die sich nicht als entweder m\u00e4nnlich oder weiblich verstehen.<\/p>\n\n\n\n<p>Dieses Projekt ist in Zusammenarbeit mit jungen Menschen \u00fcberall auf der Welt entstanden. Wir haben ihre Fragen gesammelt, sortiert und in Infografiken und Geschichten beantwortet. Etwa 50 Menschen zwischen 12 und 21 Jahren haben als Jugendbeirat mitgewirkt und darauf geachtet, dass unser Buch verst\u00e4ndlich, schn\u00f6rkellos und nicht langweilig wird. Ihre Namen findet Ihr <a href=\"#jugendbeirat\">hier<\/a>.<\/p>\n\n\n\n<p>Wir beantworten Fragen zum Thema Plastik in 70 Grafiken und Geschichten, die hier auf einzelnen Seiten abgebildet sind. Ihr k\u00f6nnt das Buch von vorne bis hinten durchbl\u00e4ttern oder hin und her springen, denn jede Seite steht f\u00fcr sich. Wir haben auf jeder Seite auch drei Vorschl\u00e4ge gemacht, wo Ihr an anderen Stellen weiterlesen k\u00f6nnt.&nbsp;<\/p>\n\n\n\n<p>In den Texten gibt es viele W\u00f6rter, die nicht so einfach zu verstehen sind. Wir haben sie in einem <a href=\"https:\/\/plastic.boell.org\/de\/glossar\">Glossar<\/a> erkl\u00e4rt \u2013 Ihr findet sie auf jeder Seite unten aufgelistet und mit der Erkl\u00e4rung verlinkt. &nbsp;<\/p>\n\n\n\n<p>Wenn Ihr wissen wollt, woher wir unsere Informationen, Daten und Fakten haben, k\u00f6nnt Ihr in den <a href=\"https:\/\/plastic.boell.org\/de\/quellen\">Quellen<\/a> nachschauen &#8211; und dort auch weiterlesen und noch tiefer in das Thema einsteigen.<\/p>\n\n\n\n<h2 class=\"has-text-align-center wp-block-heading\">Wer hat dieses Buch gemacht?<\/h2>\n\n\n\n<p>Die Grafiken und Texte hat Gesine Grotrian mit Unterst\u00fctzung von vielen Personen erstellt. Sie ist Buchgestalterin und Illustratorin und die Urheberin aller Bilder, die Ihr teilen, verbreiten und anderen zeigen d\u00fcrft &#8211; ohne sie zu bearbeiten oder zu verkaufen. Dabei ist es wichtig, ihren Namen zu nennen. Hier findet Ihr die <a href=\"https:\/\/plastic.boell.org\/de\/datenschutz-und-lizenz\">Lizenz<\/a>.<\/p>\n\n\n\n<p>F\u00fcr den Inhalt ist die Heinrich-B\u00f6ll-Stiftung verantwortlich, insbesondere Lili Fuhr, Kristin Funke und Annette Kraus. Au\u00dferdem haben uns viele Expert*innen geholfen, vor allem: Alexandra Caterbow (Hej Support) sowie Linda Mederake und Hannes Schritt (beide Ecologic Institute).<\/p>\n\n\n\n<p>Den Faktencheck haben Alice Boit und Anja Chalmin gemacht.<\/p>\n\n\n\n<p>Susan Sch\u00e4dlich hat das Glossar mitgeschrieben und Annette Herzog erz\u00e4hlte die Geschichten.<\/p>\n\n\n\n<p>Mitgezeichnet hat Uma Grotrian-Steinweg, mitlektoriert Ute Wegmann.<\/p>\n\n\n\n<p>Wir danken: Tine Breuer, Marina von B\u00fclow Hamel, Hugues Chalmin, Christine Chemnitz, Inka Dewitz, Detlef Eberhard, Anna-Saskia Funke, Roland Geyer, Andy Gheorghiu, Pola Grotrian-Steinweg, Blazhe Josifovski, Liou Kleemann, Jane Muncke, Nina Nicolaisen, Jane Patton, Elke Paul, Anna von Reden, Tjark von Reden, Anja Reumsch\u00fcssel, Lydia Salzer, Manfred Santen, Shradha Shreejaya.<\/p>\n\n\n\n<p id=\"jugendbeirat\">Ein ganz besonderer Dank geht an unseren Jugendbeirat:<\/p>\n\n\n\n<p>Deutschland: Wieland Brock, Lilith Caterbow, Malina Fuhr, Rabea Fuhr, Paul Ananda Funke, Maren Hagedorn, Aliza von Heland, Arthur Horner, Benjamin Lohmann, Florentine Mendy, Rosalie Mendy, Hauke Pape, Laura R\u00f6misch, Yorick St\u00f6ve, Leonid Zillekens<\/p>\n\n\n\n<p>Weltweit: Fathia Abderrahmen (Tunesien), Meichen Chen (China), Yasmine Hamouda (Tunesien), Emna Heraghi (Tunesien), Pichyapa Jira (Thailand), Alexander Landis-Arnold (USA), Jeremy Muchilwa (Kenia), Michelle Muchilwa (Kenia), Veronika Podobed (Kanada), Chompupischaya Saiboonyadis (Thailand), Ella Sran (USA), Pissinee Thanabhodhisongritha (Thailand), Lucie Volpe (USA), Yi Dong (China), Yinou Lou (China)<\/p>\n\n\n\n<h2 class=\"has-text-align-center wp-block-heading\"><strong>\u00dcber die Heinrich-B\u00f6ll-Stiftung<\/strong><\/h2>\n\n\n\n<p>Die Heinrich-B\u00f6ll-Stiftung ist eine gr\u00fcne politische Stiftung. Sie versucht, mit vielen Projekten und Veranstaltungen die Welt zu verbessern. Sie setzt sich f\u00fcr Demokratie und Menschenrechte ein, f\u00fcr einen Schutz der globalen \u00d6kosysteme und die Gleichberechtigung der Geschlechter. Zudem f\u00f6rdert sie begabte, gesellschaftspolitisch engagierte Studierende und versucht, die soziale und politische Teilhabe von Immigrant*innen zu erleichtern.<\/p>\n\n\n\n<p>Mit derzeit 34 Auslandsb\u00fcros verf\u00fcgt die Stiftung \u00fcber ein weltweites Netz f\u00fcr ihr Engagement. Au\u00dferdem ist sie mit ihren Landesstiftungen in allen deutschen Bundesl\u00e4ndern vertreten. Der Schriftsteller und Nobelpreistr\u00e4ger Heinrich B\u00f6ll ist nicht nur Namensgeber, sondern auch Vorbild f\u00fcr die Arbeit der Stiftung, da er Zeit seines Lebens die Menschen zur politischen und gesellschaftlichen Einmischung ermutigte.<\/p>\n\n\n\n<p><a rel=\"noreferrer noopener\" href=\"https:\/\/www.boell.de\/de\/pack-aus-plastik-muell-und-ich\" target=\"_blank\">Mehr Informationen<\/a> <\/p>\n\n\n\n<h2 class=\"has-text-align-center wp-block-heading\">VORWORT<\/h2>\n\n\n\n<p class=\"has-text-align-center\">Barbara Unm\u00fc\u00dfig, Mitglied im Vorstand der Heinrich-B\u00f6ll-Stiftung<\/p>\n\n\n\n<p>K\u00fche und Ziegen, die sich auf M\u00fcllhalden von Plastik ern\u00e4hren. Plastikm\u00fcll am Strand, in B\u00e4umen, auf \u00c4ckern und Stra\u00dfen. Wenn ich L\u00e4nder wie den Senegal, Indien oder Mexiko besuche, wo die Heinrich-B\u00f6ll-Stiftung gemeinsam mit vielen Partner*innen f\u00fcr eine demokratische und lebenswerte Zukunft arbeitet, erlebe ich, wie sehr sich Plastik und vor allem Plastikm\u00fcll \u00fcber den ganzen Planeten verteilt haben. Wir alle wissen, dass es sich auch um unseren Wohlstandsm\u00fcll handelt, der in anderen, meist \u00e4rmeren L\u00e4ndern Menschen und Natur verseucht.<\/p>\n\n\n\n<p>Bereits in meiner Kindheit war Plastik ein Symbol f\u00fcr Fortschritt und Modernit\u00e4t. Die sch\u00f6nen Porzellan- oder Keramiksch\u00fcsseln wurden gegen Plastik ausgetauscht. Salat aus einer Plastiksch\u00fcssel? Das gefiel mir schon als Jugendliche nicht. Ich bezweifelte, dass das so gesund sei. Jetzt wei\u00df ich, dass ich mit meiner Skepsis gar nicht so falsch lag. Es wurden damals wie heute Produkte hergestellt, die auf nat\u00fcrlichem Weg schwer bis gar nicht abbaubar sind. Plastik findet sich in der Nahrungskette und es ist mittlerweile sogar in den tiefsten Tiefen des Ozeans in kleinsten Krebsarten wiederzufinden. Das widerspricht meiner Vorstellung, wie wir mit der Natur und den \u00d6kosystemen umgehen m\u00fcssen: n\u00e4mlich achtsam, schonend, sch\u00fctzend und auf die Zukunft bedacht.<\/p>\n\n\n\n<p>Wir haben Fragen zum Thema Plastik gesammelt und dazu Antworten in Studien und bei Expert*innen gefunden. Wir haben mit Jugendlichen aus Deutschland und der ganzen Welt einen Jugendbeirat gebildet, um gemeinsam an diesem Projekt zu arbeiten. Daraus ist eine informationsreiche und beunruhigende Reise geworden: Wir starten, wo der Lebenszyklus von Plastik beginnt, am Bohrloch, wo Erd\u00f6l und Erdgas \u2013 notwendig f\u00fcr die Herstellung von Plastik \u2013 gef\u00f6rdert werden. Wir erkl\u00e4ren, welche Arten von Plastik es gibt, welche Probleme Plastikm\u00fcll hervorruft, und was die Verm\u00fcllung f\u00fcr uns Menschen, das Klima, die Natur und die Tiere bedeutet. Und wir zeigen Auswege und L\u00f6sungen.<\/p>\n\n\n\n<p>Unser gemeinsames Ziel: Wir wollen, wir m\u00fcssen die Plastikflut stoppen. Mein pers\u00f6nlicher n\u00e4chster Schritt: Kein Plastik mehr im Badezimmer! Das will ich als n\u00e4chstes lernen!<\/p>\n\n\n\n<figure class=\"wp-block-image\"><img decoding=\"async\" src=\"https:\/\/plastic.boell.org\/files\/2021\/06\/barbara-1.svg\" alt=\"This image has an empty alt attribute; its file name is barbara-1.svg\"\/><\/figure>\n\n\n\n<p>Berlin, im M\u00e4rz 2021<\/p>\n","protected":false},"excerpt":{"rendered":"<p>\u00dcber dieses Projekt Die Plastikkrise betrifft uns alle, aber sie betrifft uns nicht alle gleich &#8211; gerade um diese Fragen von Gerechtigkeit und Vielfalt geht es auch in unserem Buch. Wir haben nach einer Sprache gesucht, die die Vielfalt der Geschlechter beinhaltet. Wir wollen damit alle einschlie\u00dfen und auch die ansprechen, die sich nicht als [&hellip;]<\/p>\n","protected":false},"author":263,"featured_media":0,"parent":0,"menu_order":0,"comment_status":"closed","ping_status":"closed","template":"","meta":{"footnotes":""},"class_list":["post-3343","page","type-page","status-publish","hentry"],"_links":{"self":[{"href":"https:\/\/plastic.boell.org\/de\/wp-json\/wp\/v2\/pages\/3343","targetHints":{"allow":["GET"]}}],"collection":[{"href":"https:\/\/plastic.boell.org\/de\/wp-json\/wp\/v2\/pages"}],"about":[{"href":"https:\/\/plastic.boell.org\/de\/wp-json\/wp\/v2\/types\/page"}],"author":[{"embeddable":true,"href":"https:\/\/plastic.boell.org\/de\/wp-json\/wp\/v2\/users\/263"}],"replies":[{"embeddable":true,"href":"https:\/\/plastic.boell.org\/de\/wp-json\/wp\/v2\/comments?post=3343"}],"version-history":[{"count":11,"href":"https:\/\/plastic.boell.org\/de\/wp-json\/wp\/v2\/pages\/3343\/revisions"}],"predecessor-version":[{"id":5731,"href":"https:\/\/plastic.boell.org\/de\/wp-json\/wp\/v2\/pages\/3343\/revisions\/5731"}],"wp:attachment":[{"href":"https:\/\/plastic.boell.org\/de\/wp-json\/wp\/v2\/media?parent=3343"}],"curies":[{"name":"wp","href":"https:\/\/api.w.org\/{rel}","templated":true}]}}